{"id":98,"date":"2024-06-16T15:19:05","date_gmt":"2024-06-16T13:19:05","guid":{"rendered":"https:\/\/macampagne02.fr\/?p=98"},"modified":"2025-11-14T13:07:54","modified_gmt":"2025-11-14T12:07:54","slug":"elementor-98","status":"publish","type":"page","link":"https:\/\/macampagne02.fr\/","title":{"rendered":"Le g\u00eete"},"content":{"rendered":"\t\t<div data-elementor-type=\"wp-post\" data-elementor-id=\"98\" class=\"elementor elementor-98\">\n\t\t\t\t<div class=\"elementor-element elementor-element-0361bd8 e-flex e-con-boxed e-con e-parent\" data-id=\"0361bd8\" data-element_type=\"container\" data-e-type=\"container\">\n\t\t\t\t\t<div class=\"e-con-inner\">\n\t\t\t\t<div class=\"elementor-element elementor-element-f688e2b elementor-widget elementor-widget-text-editor\" data-id=\"f688e2b\" data-element_type=\"widget\" data-e-type=\"widget\" data-widget_type=\"text-editor.default\">\n\t\t\t\t<div class=\"elementor-widget-container\">\n\t\t\t\t\t\t\t\t\t<div class=\"flex-shrink-0 flex flex-col relative items-end\"><div><div class=\"pt-0\"><div class=\"gizmo-bot-avatar flex h-8 w-8 items-center justify-center overflow-hidden rounded-full\"><h1 class=\"relative p-1 rounded-sm flex items-center justify-center bg-token-main-surface-primary text-token-text-primary h-8 w-8\"><strong style=\"color: #008000; font-size: 1.5rem;\">Bonjour et bienvenue dans notre g\u00eete Ma Campagne situ\u00e9 \u00e0 CHASSEMY dans un village de +\/- 900 \u00e2mes au sud de l\u2019Aisne (02).<\/strong><\/h1><\/div><\/div><\/div><\/div><div class=\"group\/conversation-turn relative flex w-full min-w-0 flex-col agent-turn\"><div class=\"flex-col gap-1 md:gap-3\"><div class=\"flex flex-grow flex-col max-w-full\"><div class=\"min-h-[20px] text-message flex w-full flex-col items-end gap-2 whitespace-pre-wrap break-words [.text-message+&amp;]:mt-5 overflow-x-auto\" dir=\"auto\" data-message-author-role=\"assistant\" data-message-id=\"a351ecb2-9c24-45c0-b366-0f38f78ef8d0\"><div class=\"flex w-full flex-col gap-1 empty:hidden first:pt-[3px]\"><div class=\"markdown prose w-full break-words dark:prose-invert light\"><p><span style=\"color: #008000;\"><strong>Nous sommes plac\u00e9s dans les Hauts-de-France dans le triangle Soissons, Laon, Reims, aux portes de la Champagne et \u00e0 1h30 de Paris et de Disneyland.<\/strong><\/span><\/p><p><span style=\"color: #008000;\">Class\u00e9 en \u00ab\u00a0Meubl\u00e9 de tourisme 3 \u00e9toiles\u00a0\u00bb, notre g\u00eete allie le charme authentique de la campagne au confort moderne, pour vous offrir une exp\u00e9rience inoubliable.<\/span><\/p><p><span style=\"color: #008000;\">Situ\u00e9 dans un \u00e9crin de verdure, notre g\u00eete vous invite \u00e0 savourer la tranquillit\u00e9 et la beaut\u00e9 de la nature environnante.<\/span><\/p><p>Nous avons imagin\u00e9 une <strong>ambiance inspir\u00e9e de la nature<\/strong>, propice \u00e0 la d\u00e9couverte de notre r\u00e9gion qui est charg\u00e9e d\u2019histoire, d\u2019architecture, et de loisirs.<\/p><\/div><\/div><\/div><\/div><\/div><\/div>\t\t\t\t\t\t\t\t<\/div>\n\t\t\t\t<\/div>\n\t\t\t\t\t<\/div>\n\t\t\t\t<\/div>\n\t\t<div class=\"elementor-element elementor-element-3a67bfd e-con-full e-flex e-con e-parent\" data-id=\"3a67bfd\" data-element_type=\"container\" data-e-type=\"container\">\n\t\t\t\t<div class=\"elementor-element elementor-element-9a95cbe e-transform e-transform elementor-widget elementor-widget-text-editor\" data-id=\"9a95cbe\" data-element_type=\"widget\" data-e-type=\"widget\" data-settings=\"{&quot;_transform_translateX_effect&quot;:{&quot;unit&quot;:&quot;px&quot;,&quot;size&quot;:0,&quot;sizes&quot;:[]},&quot;_transform_scale_effect&quot;:{&quot;unit&quot;:&quot;px&quot;,&quot;size&quot;:1,&quot;sizes&quot;:[]},&quot;_transform_translateX_effect_tablet&quot;:{&quot;unit&quot;:&quot;px&quot;,&quot;size&quot;:&quot;&quot;,&quot;sizes&quot;:[]},&quot;_transform_translateX_effect_mobile&quot;:{&quot;unit&quot;:&quot;px&quot;,&quot;size&quot;:&quot;&quot;,&quot;sizes&quot;:[]},&quot;_transform_translateY_effect&quot;:{&quot;unit&quot;:&quot;px&quot;,&quot;size&quot;:&quot;&quot;,&quot;sizes&quot;:[]},&quot;_transform_translateY_effect_tablet&quot;:{&quot;unit&quot;:&quot;px&quot;,&quot;size&quot;:&quot;&quot;,&quot;sizes&quot;:[]},&quot;_transform_translateY_effect_mobile&quot;:{&quot;unit&quot;:&quot;px&quot;,&quot;size&quot;:&quot;&quot;,&quot;sizes&quot;:[]},&quot;_transform_scale_effect_tablet&quot;:{&quot;unit&quot;:&quot;px&quot;,&quot;size&quot;:&quot;&quot;,&quot;sizes&quot;:[]},&quot;_transform_scale_effect_mobile&quot;:{&quot;unit&quot;:&quot;px&quot;,&quot;size&quot;:&quot;&quot;,&quot;sizes&quot;:[]}}\" data-widget_type=\"text-editor.default\">\n\t\t\t\t<div class=\"elementor-widget-container\">\n\t\t\t\t\t\t\t\t\t<h2><span style=\"color: #008000;\"><strong>Le G\u00eete :<\/strong><\/span><\/h2><p>De 70m\u00b2 et ind\u00e9pendant dans une cour commune, celui-ci est <strong>enti\u00e8rement r\u00e9nov\u00e9 avec des pierres authentiques<\/strong>, offrant tout le confort n\u00e9cessaire pour un s\u00e9jour agr\u00e9able avec internet FreeWifi.<\/p><p>Cet espace est <strong>con\u00e7u pour accueillir jusqu&rsquo;\u00e0 4 personnes. <\/strong>Nous mettons \u00e0 disposition gratuitement du mat\u00e9riel utile pour le s\u00e9jour de jeunes enfants. Vous pourrez \u00e9galement profiter de moments de d\u00e9tente dans le <strong>sauna privatif<\/strong> en int\u00e9rieur. Et<span style=\"color: var( --e-global-color-text ); text-align: var(--text-align); font-size: 1rem;\"> \u00e9galement d&rsquo;un <strong>spa privatif<\/strong> en ext\u00e9rieur selon la saison ainsi que d&rsquo;un terrain de p\u00e9tanque sur demande.<\/span><\/p><p>Nous vous offrons un <strong>espace non-fumeur<\/strong> pour une atmosph\u00e8re fra\u00eeche et saine. Malheureusement, notre g\u00eete n\u2019est pas accessible aux personnes \u00e0 mobilit\u00e9 r\u00e9duite et les animaux de compagnie ne sont pas accept\u00e9s.<\/p><p>Le logement dispose d<span style=\"color: var( --e-global-color-text ); text-align: var(--text-align); font-size: 1rem;\">e grandes fen\u00eatres qui laissent p\u00e9n\u00e9trer une abondante lumi\u00e8re naturelle. Tandis que des <strong>rideaux occultants<\/strong>, vous permettent de moduler la luminosit\u00e9 selon vos envies.<\/span><\/p><p>La <strong>d\u00e9coration<\/strong>, m\u00ealant objets et accessoires <strong>vintage<\/strong> tels qu\u2019un rocking-chair, des paniers en osier pour cr\u00e9er une atmosph\u00e8re chaleureuse.<\/p>\t\t\t\t\t\t\t\t<\/div>\n\t\t\t\t<\/div>\n\t\t\t\t<\/div>\n\t\t<div class=\"elementor-element elementor-element-53d13e3 e-flex e-con-boxed e-con e-parent\" data-id=\"53d13e3\" data-element_type=\"container\" data-e-type=\"container\">\n\t\t\t\t\t<div class=\"e-con-inner\">\n\t\t\t\t<div class=\"elementor-element elementor-element-e5d6695 elementor-widget elementor-widget-text-editor\" data-id=\"e5d6695\" data-element_type=\"widget\" data-e-type=\"widget\" data-widget_type=\"text-editor.default\">\n\t\t\t\t<div class=\"elementor-widget-container\">\n\t\t\t\t\t\t\t\t\t<h2><strong><span style=\"color: #008000;\">Le Rez-de-chauss\u00e9e<\/span><\/strong> :<\/h2><p>Vous d\u00e9couvrirez une <strong>cuisine ouverte<\/strong>, enti\u00e8rement \u00e9quip\u00e9e, o\u00f9 chaque d\u00e9tail a \u00e9t\u00e9 soigneusement pens\u00e9 pour votre confort.\u00a0<span style=\"color: var( --e-global-color-text ); font-family: var( --e-global-typography-text-font-family ), Sans-serif; font-weight: var( --e-global-typography-text-font-weight ); text-align: var(--text-align); font-size: 1rem;\">La <strong>plaque de cuisson<\/strong>, vous offrira \u00e0 la fois flexibilit\u00e9 et efficacit\u00e9. Le<strong> lave-vaisselle<\/strong>, facilitera votre quotidien. Et pour les amateurs de caf\u00e9, nous mettons \u00e0 votre disposition une <strong>cafeti\u00e8re \u00e0 capsules et une \u00e0 filtre<\/strong> pour vos moments de d\u00e9tente.<\/span><\/p><p>Un<strong> espace de d\u00e9tente<\/strong>, vous invite \u00e0 savourer <strong>les bienfaits du sauna<\/strong>, tandis qu\u2019un <strong>lave-linge<\/strong> est \u00e9galement \u00e0 votre disposition pour plus de commodit\u00e9.<\/p><p>Pour la <strong>salle de bain et le sauna<\/strong>, des serviettes de bain sont \u00e0 votre disposition pour profiter de la <strong>douche \u00e0 l\u2019italienne.<\/strong><\/p><p><strong>Le salon<\/strong>, baign\u00e9 d\u2019une <strong>lumi\u00e8re douce et naturelle<\/strong>, vous charmera avec ses <strong>poutres apparentes<\/strong> et ses <strong>murs recouverts de bois<\/strong> qui apportent une touche d\u2019authenticit\u00e9 et de caract\u00e8re. Bien que dot\u00e9 d\u2019un esprit rustique, il est am\u00e9nag\u00e9 avec toutes les commodit\u00e9s modernes (<strong>t\u00e9l\u00e9vision \u00e0 \u00e9cran plat, Wi-Fi, canap\u00e9 non convertible<\/strong>). Vous trouverez \u00e9galement des livres et des<strong> jeux de soci\u00e9t\u00e9<\/strong> pour des moments de d\u00e9tente et de convivialit\u00e9.<\/p><p>.<\/p>\t\t\t\t\t\t\t\t<\/div>\n\t\t\t\t<\/div>\n\t\t\t\t\t<\/div>\n\t\t\t\t<\/div>\n\t\t<div class=\"elementor-element elementor-element-6b9f039 e-flex e-con-boxed e-con e-parent\" data-id=\"6b9f039\" data-element_type=\"container\" data-e-type=\"container\">\n\t\t\t\t\t<div class=\"e-con-inner\">\n\t\t\t\t<div class=\"elementor-element elementor-element-6ba0de0 elementor-widget elementor-widget-image\" data-id=\"6ba0de0\" data-element_type=\"widget\" data-e-type=\"widget\" data-widget_type=\"image.default\">\n\t\t\t\t<div class=\"elementor-widget-container\">\n\t\t\t\t\t\t\t\t\t\t\t\t\t\t\t<img fetchpriority=\"high\" decoding=\"async\" width=\"644\" height=\"363\" src=\"https:\/\/macampagne02.fr\/wp-content\/uploads\/2024\/06\/film-gite-ma-campagne-aisne-chassemy.png\" class=\"attachment-large size-large wp-image-2091\" alt=\"\" srcset=\"https:\/\/macampagne02.fr\/wp-content\/uploads\/2024\/06\/film-gite-ma-campagne-aisne-chassemy.png 1024w, https:\/\/macampagne02.fr\/wp-content\/uploads\/2024\/06\/film-gite-ma-campagne-aisne-chassemy-300x169.png 300w, https:\/\/macampagne02.fr\/wp-content\/uploads\/2024\/06\/film-gite-ma-campagne-aisne-chassemy-768x433.png 768w\" sizes=\"100vw\" \/>\t\t\t\t\t\t\t\t\t\t\t\t\t\t\t<\/div>\n\t\t\t\t<\/div>\n\t\t\t\t\t<\/div>\n\t\t\t\t<\/div>\n\t\t<div class=\"elementor-element elementor-element-00f533f e-flex e-con-boxed e-con e-parent\" data-id=\"00f533f\" data-element_type=\"container\" data-e-type=\"container\">\n\t\t\t\t\t<div class=\"e-con-inner\">\n\t\t\t\t<div class=\"elementor-element elementor-element-687bdd0 elementor-widget elementor-widget-text-editor\" data-id=\"687bdd0\" data-element_type=\"widget\" data-e-type=\"widget\" data-widget_type=\"text-editor.default\">\n\t\t\t\t<div class=\"elementor-widget-container\">\n\t\t\t\t\t\t\t\t\t<h2><span style=\"color: #008000;\"><strong>A l\u2019\u00e9tage<\/strong><strong> :<\/strong><\/span><\/h2><p>D\u00e9couvrez un <strong>havre de paix<\/strong> o\u00f9 r\u00e8gnent confort et \u00e9l\u00e9gance. Tout y est ! Pour que votre s\u00e9jour soit encore plus agr\u00e9able, vos lits sont pr\u00eats \u00e0 votre arriv\u00e9e.<\/p><p><span style=\"text-decoration: underline;\"><strong>Une chambre<\/strong><\/span>\u00a0(19 m\u00b2) :<\/p><p>D\u00e9tendez-vous dans une chambre am\u00e9nag\u00e9e avec soin, dot\u00e9e d\u2019un lit double et d\u2019un lit simple. L\u2019\u00e9clairage doux et tamis\u00e9 vous invite \u00e0 profiter d\u2019une <strong>atmosph\u00e8re intimiste et reposante<\/strong>.<\/p><p><strong><span style=\"text-decoration: underline;\">Une mezzanine<\/span> :<\/strong><\/p><p>Un espace couchage avec ses poutres apparentes et <strong>un canap\u00e9-lit pour deux personnes,<\/strong>\u00a0\u00e9quip\u00e9 d\u2019un matelas confortable. Cet espace suppl\u00e9mentaire, s\u00e9par\u00e9 par un rideau, vous assure un confort intime et discret.<\/p><p><strong><span style=\"text-decoration: underline;\">Des rangements<\/span><\/strong> :<\/p><p>Une <strong>armoire spacieuse<\/strong> en bois massif, un coffre en osier ainsi qu&rsquo;une penderie vous offriront tout le n\u00e9cessaire pour organiser vos affaires avec praticit\u00e9.<\/p>\t\t\t\t\t\t\t\t<\/div>\n\t\t\t\t<\/div>\n\t\t\t\t\t<\/div>\n\t\t\t\t<\/div>\n\t\t<div class=\"elementor-element elementor-element-cc8915b e-flex e-con-boxed e-con e-parent\" data-id=\"cc8915b\" data-element_type=\"container\" data-e-type=\"container\">\n\t\t\t\t\t<div class=\"e-con-inner\">\n\t\t\t\t<div class=\"elementor-element elementor-element-9e65397 elementor-widget elementor-widget-image\" data-id=\"9e65397\" data-element_type=\"widget\" data-e-type=\"widget\" data-widget_type=\"image.default\">\n\t\t\t\t<div class=\"elementor-widget-container\">\n\t\t\t\t\t\t\t\t\t\t\t\t\t\t\t<img decoding=\"async\" width=\"644\" height=\"483\" src=\"https:\/\/macampagne02.fr\/wp-content\/uploads\/2025\/08\/mezzannine-1024x768.png\" class=\"attachment-large size-large wp-image-2366\" alt=\"\" srcset=\"https:\/\/macampagne02.fr\/wp-content\/uploads\/2025\/08\/mezzannine-1024x768.png 1024w, https:\/\/macampagne02.fr\/wp-content\/uploads\/2025\/08\/mezzannine-300x225.png 300w, https:\/\/macampagne02.fr\/wp-content\/uploads\/2025\/08\/mezzannine-768x576.png 768w, https:\/\/macampagne02.fr\/wp-content\/uploads\/2025\/08\/mezzannine-1536x1152.png 1536w, https:\/\/macampagne02.fr\/wp-content\/uploads\/2025\/08\/mezzannine-2048x1536.png 2048w\" sizes=\"100vw\" \/>\t\t\t\t\t\t\t\t\t\t\t\t\t\t\t<\/div>\n\t\t\t\t<\/div>\n\t\t\t\t\t<\/div>\n\t\t\t\t<\/div>\n\t\t<div class=\"elementor-element elementor-element-4c60031 e-flex e-con-boxed e-con e-parent\" data-id=\"4c60031\" data-element_type=\"container\" data-e-type=\"container\">\n\t\t\t\t\t<div class=\"e-con-inner\">\n\t\t\t\t<div class=\"elementor-element elementor-element-bad5acb elementor-widget elementor-widget-text-editor\" data-id=\"bad5acb\" data-element_type=\"widget\" data-e-type=\"widget\" data-widget_type=\"text-editor.default\">\n\t\t\t\t<div class=\"elementor-widget-container\">\n\t\t\t\t\t\t\t\t\t<h2><span style=\"color: #008000;\"><strong>L\u2019ext\u00e9rieur :<\/strong><\/span><\/h2><p>Profitez d&rsquo;un repas en plein air dans un<strong> terrain privatif et fleuri.<\/strong><br \/>\u2013 <strong>Un salon de jardin<\/strong> pour des moments de convivialit\u00e9 en plein air.<br \/>\u2013 <strong>Une terrasse<\/strong>, \u00e9quip\u00e9e d\u2019un <strong>spa<\/strong> suivant la saison (sous r\u00e9servation) avec \u00e9clairage.<br \/>\u2013 <strong>Un barbecue<\/strong> et une table pour vos repas.<br \/>\u2013 <strong>Un terrain de p\u00e9tanque<\/strong>, sous r\u00e9servation gratuite et pr\u00eat de boules.<br \/>\u2013 <strong>Un stationnement priv\u00e9, <\/strong>pour un v\u00e9hicule et\u00a0s\u00e9curis\u00e9 pour votre voiture, moto et camionnette, dans une cour commune.<br \/>\u2013<strong> Une bo\u00eete \u00e0 clef <\/strong>est disponible pour votre commodit\u00e9.<\/p>\t\t\t\t\t\t\t\t<\/div>\n\t\t\t\t<\/div>\n\t\t\t\t\t<\/div>\n\t\t\t\t<\/div>\n\t\t<div class=\"elementor-element elementor-element-4aa1859 e-flex e-con-boxed e-con e-parent\" data-id=\"4aa1859\" data-element_type=\"container\" data-e-type=\"container\">\n\t\t\t\t\t<div class=\"e-con-inner\">\n\t\t\t\t<div class=\"elementor-element elementor-element-a254ad9 elementor-widget elementor-widget-image\" data-id=\"a254ad9\" data-element_type=\"widget\" data-e-type=\"widget\" data-widget_type=\"image.default\">\n\t\t\t\t<div class=\"elementor-widget-container\">\n\t\t\t\t\t\t\t\t\t\t\t\t\t\t\t<img decoding=\"async\" width=\"644\" height=\"483\" src=\"https:\/\/macampagne02.fr\/wp-content\/uploads\/2024\/06\/verdure-gite-ma-campagne-aisne-chassemy.png\" class=\"attachment-large size-large wp-image-2088\" alt=\"\" srcset=\"https:\/\/macampagne02.fr\/wp-content\/uploads\/2024\/06\/verdure-gite-ma-campagne-aisne-chassemy.png 1024w, https:\/\/macampagne02.fr\/wp-content\/uploads\/2024\/06\/verdure-gite-ma-campagne-aisne-chassemy-300x225.png 300w, https:\/\/macampagne02.fr\/wp-content\/uploads\/2024\/06\/verdure-gite-ma-campagne-aisne-chassemy-768x576.png 768w\" sizes=\"100vw\" \/>\t\t\t\t\t\t\t\t\t\t\t\t\t\t\t<\/div>\n\t\t\t\t<\/div>\n\t\t\t\t\t<\/div>\n\t\t\t\t<\/div>\n\t\t<div class=\"elementor-element elementor-element-f9968a1 e-flex e-con-boxed e-con e-parent\" data-id=\"f9968a1\" data-element_type=\"container\" data-e-type=\"container\">\n\t\t\t\t\t<div class=\"e-con-inner\">\n\t\t\t\t<div class=\"elementor-element elementor-element-c7e2bf6 elementor-widget elementor-widget-text-editor\" data-id=\"c7e2bf6\" data-element_type=\"widget\" data-e-type=\"widget\" data-widget_type=\"text-editor.default\">\n\t\t\t\t<div class=\"elementor-widget-container\">\n\t\t\t\t\t\t\t\t\t<h2><span style=\"color: #008000;\"><strong>Dispositions de s\u00e9curit\u00e9 :<\/strong><\/span><\/h2><p>Afin de vous garantir un s\u00e9jour en toute s\u00e9r\u00e9nit\u00e9, notre g\u00eete est \u00e9quip\u00e9 des dispositifs de s\u00e9curit\u00e9 suivants :<\/p><p><strong><u>Alarmes incendie<\/u> :<\/strong><br \/>Qui assurent une d\u00e9tection rapide de la fum\u00e9e et du feu, garantissant une alerte imm\u00e9diate.<\/p><p><strong><u>Extincteur<\/u> :<\/strong><br \/>Disponible \u00e0 un emplacement cl\u00e9 dans le g\u00eete. Nous vous invitons \u00e0 rep\u00e9rer son emplacement d\u00e8s votre arriv\u00e9e.<\/p><p><strong><u>Cam\u00e9ra de surveillance ext\u00e9rieure<\/u>\u00a0:<\/strong><br \/>Pour garantir la s\u00e9curit\u00e9 de votre v\u00e9hicule dans le parking du g\u00eete. Cette cam\u00e9ra assure une surveillance des alentours du stationnement et dissuade tout acte malveillant.<\/p><p style=\"text-align: left;\">Votre s\u00e9curit\u00e9 est notre priorit\u00e9, profitez de votre s\u00e9jour en toute tranquillit\u00e9.<\/p><ul><li>Acc\u00e9dez \u00e0 notre <a href=\"https:\/\/cocoonr.fr\/location-court-sejour\/chassemy-02\/gite-ma-campagne-8252\/?arrival=&amp;departure=&amp;nb_persons=1&amp;nb_children=0\">plateforme de r\u00e9servation en ligne<\/a> pour v\u00e9rifier les disponibilit\u00e9s et r\u00e9server votre s\u00e9jour au g\u00eete Ma Campagne.<\/li><\/ul>\t\t\t\t\t\t\t\t<\/div>\n\t\t\t\t<\/div>\n\t\t\t\t\t<\/div>\n\t\t\t\t<\/div>\n\t\t\t\t<\/div>\n\t\t","protected":false},"excerpt":{"rendered":"<p>Bonjour et bienvenue dans notre g\u00eete Ma Campagne situ\u00e9 \u00e0 CHASSEMY dans un village de +\/- 900 \u00e2mes au sud de l\u2019Aisne (02). Nous sommes plac\u00e9s dans les Hauts-de-France dans le triangle Soissons, Laon, Reims, aux portes de la Champagne et \u00e0 1h30 de Paris et de Disneyland. Class\u00e9 en \u00ab\u00a0Meubl\u00e9 de tourisme 3 \u00e9toiles\u00a0\u00bb, &hellip; <\/p>\n<p class=\"link-more\"><a href=\"https:\/\/macampagne02.fr\/\" class=\"more-link\">Continuer la lecture<span class=\"screen-reader-text\"> de &laquo;&nbsp;Le g\u00eete&nbsp;&raquo;<\/span><\/a><\/p>\n","protected":false},"author":1,"featured_media":0,"parent":0,"menu_order":0,"comment_status":"closed","ping_status":"closed","template":"","meta":{"_kadence_starter_templates_imported_post":false,"footnotes":""},"class_list":["post-98","page","type-page","status-publish","hentry"],"yoast_head":"<!-- This site is optimized with the Yoast SEO plugin v27.6 - https:\/\/yoast.com\/product\/yoast-seo-wordpress\/ -->\n<title>Le g\u00eete -<\/title>\n<meta name=\"description\" content=\"D\u00e9couvrez le g\u00eete Ma Campagne \u00e0 Chassemy, class\u00e9 Meubl\u00e9 de Tourisme \u2605\u2605\u2605, alliant charme rural et confort moderne au c\u0153ur de la nature.\" \/>\n<meta name=\"robots\" content=\"index, follow, max-snippet:-1, max-image-preview:large, max-video-preview:-1\" \/>\n<link rel=\"canonical\" href=\"https:\/\/macampagne02.fr\/\" \/>\n<meta property=\"og:locale\" content=\"fr_FR\" \/>\n<meta property=\"og:type\" content=\"article\" \/>\n<meta property=\"og:title\" content=\"Le g\u00eete -\" \/>\n<meta property=\"og:description\" content=\"D\u00e9couvrez le g\u00eete Ma Campagne \u00e0 Chassemy, class\u00e9 Meubl\u00e9 de Tourisme \u2605\u2605\u2605, alliant charme rural et confort moderne au c\u0153ur de la nature.\" \/>\n<meta property=\"og:url\" content=\"https:\/\/macampagne02.fr\/\" \/>\n<meta property=\"article:modified_time\" content=\"2025-11-14T12:07:54+00:00\" \/>\n<meta property=\"og:image\" content=\"http:\/\/macampagne02.fr\/wp-content\/uploads\/2024\/06\/film-gite-ma-campagne-aisne-chassemy.png\" \/>\n<meta name=\"twitter:card\" content=\"summary_large_image\" \/>\n<meta name=\"twitter:label1\" content=\"Dur\u00e9e de lecture estim\u00e9e\" \/>\n\t<meta name=\"twitter:data1\" content=\"5 minutes\" \/>\n<script type=\"application\/ld+json\" class=\"yoast-schema-graph\">{\"@context\":\"https:\\\/\\\/schema.org\",\"@graph\":[{\"@type\":\"WebPage\",\"@id\":\"https:\\\/\\\/macampagne02.fr\\\/\",\"url\":\"https:\\\/\\\/macampagne02.fr\\\/\",\"name\":\"Le g\u00eete -\",\"isPartOf\":{\"@id\":\"https:\\\/\\\/macampagne02.fr\\\/#website\"},\"primaryImageOfPage\":{\"@id\":\"https:\\\/\\\/macampagne02.fr\\\/#primaryimage\"},\"image\":{\"@id\":\"https:\\\/\\\/macampagne02.fr\\\/#primaryimage\"},\"thumbnailUrl\":\"http:\\\/\\\/macampagne02.fr\\\/wp-content\\\/uploads\\\/2024\\\/06\\\/film-gite-ma-campagne-aisne-chassemy.png\",\"datePublished\":\"2024-06-16T13:19:05+00:00\",\"dateModified\":\"2025-11-14T12:07:54+00:00\",\"description\":\"D\u00e9couvrez le g\u00eete Ma Campagne \u00e0 Chassemy, class\u00e9 Meubl\u00e9 de Tourisme \u2605\u2605\u2605, alliant charme rural et confort moderne au c\u0153ur de la nature.\",\"breadcrumb\":{\"@id\":\"https:\\\/\\\/macampagne02.fr\\\/#breadcrumb\"},\"inLanguage\":\"fr-FR\",\"potentialAction\":[{\"@type\":\"ReadAction\",\"target\":[\"https:\\\/\\\/macampagne02.fr\\\/\"]}]},{\"@type\":\"ImageObject\",\"inLanguage\":\"fr-FR\",\"@id\":\"https:\\\/\\\/macampagne02.fr\\\/#primaryimage\",\"url\":\"http:\\\/\\\/macampagne02.fr\\\/wp-content\\\/uploads\\\/2024\\\/06\\\/film-gite-ma-campagne-aisne-chassemy.png\",\"contentUrl\":\"http:\\\/\\\/macampagne02.fr\\\/wp-content\\\/uploads\\\/2024\\\/06\\\/film-gite-ma-campagne-aisne-chassemy.png\"},{\"@type\":\"BreadcrumbList\",\"@id\":\"https:\\\/\\\/macampagne02.fr\\\/#breadcrumb\",\"itemListElement\":[{\"@type\":\"ListItem\",\"position\":1,\"name\":\"Accueil\",\"item\":\"https:\\\/\\\/macampagne02.fr\\\/\"},{\"@type\":\"ListItem\",\"position\":2,\"name\":\"Le g\u00eete\"}]},{\"@type\":\"WebSite\",\"@id\":\"https:\\\/\\\/macampagne02.fr\\\/#website\",\"url\":\"https:\\\/\\\/macampagne02.fr\\\/\",\"name\":\"\",\"description\":\"Pour particuliers et professionnels\",\"inLanguage\":\"fr-FR\"}]}<\/script>\n<!-- \/ Yoast SEO plugin. -->","yoast_head_json":{"title":"Le g\u00eete -","description":"D\u00e9couvrez le g\u00eete Ma Campagne \u00e0 Chassemy, class\u00e9 Meubl\u00e9 de Tourisme \u2605\u2605\u2605, alliant charme rural et confort moderne au c\u0153ur de la nature.","robots":{"index":"index","follow":"follow","max-snippet":"max-snippet:-1","max-image-preview":"max-image-preview:large","max-video-preview":"max-video-preview:-1"},"canonical":"https:\/\/macampagne02.fr\/","og_locale":"fr_FR","og_type":"article","og_title":"Le g\u00eete -","og_description":"D\u00e9couvrez le g\u00eete Ma Campagne \u00e0 Chassemy, class\u00e9 Meubl\u00e9 de Tourisme \u2605\u2605\u2605, alliant charme rural et confort moderne au c\u0153ur de la nature.","og_url":"https:\/\/macampagne02.fr\/","article_modified_time":"2025-11-14T12:07:54+00:00","og_image":[{"url":"http:\/\/macampagne02.fr\/wp-content\/uploads\/2024\/06\/film-gite-ma-campagne-aisne-chassemy.png","type":"","width":"","height":""}],"twitter_card":"summary_large_image","twitter_misc":{"Dur\u00e9e de lecture estim\u00e9e":"5 minutes"},"schema":{"@context":"https:\/\/schema.org","@graph":[{"@type":"WebPage","@id":"https:\/\/macampagne02.fr\/","url":"https:\/\/macampagne02.fr\/","name":"Le g\u00eete -","isPartOf":{"@id":"https:\/\/macampagne02.fr\/#website"},"primaryImageOfPage":{"@id":"https:\/\/macampagne02.fr\/#primaryimage"},"image":{"@id":"https:\/\/macampagne02.fr\/#primaryimage"},"thumbnailUrl":"http:\/\/macampagne02.fr\/wp-content\/uploads\/2024\/06\/film-gite-ma-campagne-aisne-chassemy.png","datePublished":"2024-06-16T13:19:05+00:00","dateModified":"2025-11-14T12:07:54+00:00","description":"D\u00e9couvrez le g\u00eete Ma Campagne \u00e0 Chassemy, class\u00e9 Meubl\u00e9 de Tourisme \u2605\u2605\u2605, alliant charme rural et confort moderne au c\u0153ur de la nature.","breadcrumb":{"@id":"https:\/\/macampagne02.fr\/#breadcrumb"},"inLanguage":"fr-FR","potentialAction":[{"@type":"ReadAction","target":["https:\/\/macampagne02.fr\/"]}]},{"@type":"ImageObject","inLanguage":"fr-FR","@id":"https:\/\/macampagne02.fr\/#primaryimage","url":"http:\/\/macampagne02.fr\/wp-content\/uploads\/2024\/06\/film-gite-ma-campagne-aisne-chassemy.png","contentUrl":"http:\/\/macampagne02.fr\/wp-content\/uploads\/2024\/06\/film-gite-ma-campagne-aisne-chassemy.png"},{"@type":"BreadcrumbList","@id":"https:\/\/macampagne02.fr\/#breadcrumb","itemListElement":[{"@type":"ListItem","position":1,"name":"Accueil","item":"https:\/\/macampagne02.fr\/"},{"@type":"ListItem","position":2,"name":"Le g\u00eete"}]},{"@type":"WebSite","@id":"https:\/\/macampagne02.fr\/#website","url":"https:\/\/macampagne02.fr\/","name":"","description":"Pour particuliers et professionnels","inLanguage":"fr-FR"}]}},"_links":{"self":[{"href":"https:\/\/macampagne02.fr\/index.php\/wp-json\/wp\/v2\/pages\/98","targetHints":{"allow":["GET"]}}],"collection":[{"href":"https:\/\/macampagne02.fr\/index.php\/wp-json\/wp\/v2\/pages"}],"about":[{"href":"https:\/\/macampagne02.fr\/index.php\/wp-json\/wp\/v2\/types\/page"}],"author":[{"embeddable":true,"href":"https:\/\/macampagne02.fr\/index.php\/wp-json\/wp\/v2\/users\/1"}],"replies":[{"embeddable":true,"href":"https:\/\/macampagne02.fr\/index.php\/wp-json\/wp\/v2\/comments?post=98"}],"version-history":[{"count":483,"href":"https:\/\/macampagne02.fr\/index.php\/wp-json\/wp\/v2\/pages\/98\/revisions"}],"predecessor-version":[{"id":2504,"href":"https:\/\/macampagne02.fr\/index.php\/wp-json\/wp\/v2\/pages\/98\/revisions\/2504"}],"wp:attachment":[{"href":"https:\/\/macampagne02.fr\/index.php\/wp-json\/wp\/v2\/media?parent=98"}],"curies":[{"name":"wp","href":"https:\/\/api.w.org\/{rel}","templated":true}]}}