{"id":236,"date":"2024-07-01T10:07:11","date_gmt":"2024-07-01T08:07:11","guid":{"rendered":"https:\/\/macampagne02.fr\/?page_id=236"},"modified":"2025-10-04T11:17:28","modified_gmt":"2025-10-04T09:17:28","slug":"nous-contacter","status":"publish","type":"page","link":"https:\/\/macampagne02.fr\/index.php\/nous-contacter\/","title":{"rendered":"Contact et r\u00e9servation"},"content":{"rendered":"\t\t<div data-elementor-type=\"wp-page\" data-elementor-id=\"236\" class=\"elementor elementor-236\">\n\t\t\t\t<div class=\"elementor-element elementor-element-e62feb9 e-flex e-con-boxed e-con e-parent\" data-id=\"e62feb9\" data-element_type=\"container\" data-e-type=\"container\">\n\t\t\t\t\t<div class=\"e-con-inner\">\n\t\t\t\t<div class=\"elementor-element elementor-element-be6f30c elementor-widget elementor-widget-text-editor\" data-id=\"be6f30c\" data-element_type=\"widget\" data-e-type=\"widget\" data-widget_type=\"text-editor.default\">\n\t\t\t\t<div class=\"elementor-widget-container\">\n\t\t\t\t\t\t\t\t\t<h2>RESERVATION :<\/h2>\t\t\t\t\t\t\t\t<\/div>\n\t\t\t\t<\/div>\n\t\t\t\t\t<\/div>\n\t\t\t\t<\/div>\n\t\t<div class=\"elementor-element elementor-element-6e94f98 e-flex e-con-boxed e-con e-parent\" data-id=\"6e94f98\" data-element_type=\"container\" data-e-type=\"container\">\n\t\t\t\t\t<div class=\"e-con-inner\">\n\t\t\t\t<div class=\"elementor-element elementor-element-8fc4a0a elementor-widget elementor-widget-text-editor\" data-id=\"8fc4a0a\" data-element_type=\"widget\" data-e-type=\"widget\" data-widget_type=\"text-editor.default\">\n\t\t\t\t<div class=\"elementor-widget-container\">\n\t\t\t\t\t\t\t\t\t<p>Acc\u00e9dez \u00e0 notre <a href=\"https:\/\/cocoonr.fr\/location-court-sejour\/chassemy-02\/gite-ma-campagne-8252\/?arrival=&amp;departure=&amp;nb_persons=1&amp;nb_children=0\">plateforme de r\u00e9servation en ligne<\/a> pour v\u00e9rifier les disponibilit\u00e9s et r\u00e9server votre s\u00e9jour au g\u00eete Ma Campagne.<\/p><p>\u00a0<\/p>\t\t\t\t\t\t\t\t<\/div>\n\t\t\t\t<\/div>\n\t\t\t\t\t<\/div>\n\t\t\t\t<\/div>\n\t\t<div class=\"elementor-element elementor-element-20c891e e-flex e-con-boxed e-con e-parent\" data-id=\"20c891e\" data-element_type=\"container\" data-e-type=\"container\">\n\t\t\t\t\t<div class=\"e-con-inner\">\n\t\t\t\t<div class=\"elementor-element elementor-element-d4b9052 elementor-widget elementor-widget-text-editor\" data-id=\"d4b9052\" data-element_type=\"widget\" data-e-type=\"widget\" data-widget_type=\"text-editor.default\">\n\t\t\t\t<div class=\"elementor-widget-container\">\n\t\t\t\t\t\t\t\t\t<h2><strong>CONTACT :<\/strong><\/h2><p><span style=\"font-size: 1rem;\">Vous pouvez nous \u00e9crire \u00e0 l&rsquo;adresse mail <strong>contact@macampagne02.fr<\/strong>, ou via notre formulaire de contact ci-dessous.<\/span><\/p><p><span style=\"font-size: 1rem;\"> H\u00e9sitez pas, on est l\u00e0 pour vous !<\/span><\/p>\t\t\t\t\t\t\t\t<\/div>\n\t\t\t\t<\/div>\n\t\t\t\t\t<\/div>\n\t\t\t\t<\/div>\n\t\t<div class=\"elementor-element elementor-element-db61d90 e-flex e-con-boxed e-con e-parent\" data-id=\"db61d90\" data-element_type=\"container\" data-e-type=\"container\">\n\t\t\t\t\t<div class=\"e-con-inner\">\n\t\t\t\t<div class=\"elementor-element elementor-element-e424005 elementor-widget elementor-widget-shortcode\" data-id=\"e424005\" data-element_type=\"widget\" data-e-type=\"widget\" data-widget_type=\"shortcode.default\">\n\t\t\t\t<div class=\"elementor-widget-container\">\n\t\t\t\t\t\t\t<div class=\"elementor-shortcode\">\n<div class=\"wpcf7 no-js\" id=\"wpcf7-f235-o1\" lang=\"fr-FR\" dir=\"ltr\" data-wpcf7-id=\"235\">\n<div class=\"screen-reader-response\"><p role=\"status\" aria-live=\"polite\" aria-atomic=\"true\"><\/p> <ul><\/ul><\/div>\n<form action=\"\/index.php\/wp-json\/wp\/v2\/pages\/236#wpcf7-f235-o1\" method=\"post\" class=\"wpcf7-form init\" aria-label=\"Formulaire de contact\" novalidate=\"novalidate\" data-status=\"init\">\n<fieldset class=\"hidden-fields-container\"><input type=\"hidden\" name=\"_wpcf7\" value=\"235\" \/><input type=\"hidden\" name=\"_wpcf7_version\" value=\"6.1.5\" \/><input type=\"hidden\" name=\"_wpcf7_locale\" value=\"fr_FR\" \/><input type=\"hidden\" name=\"_wpcf7_unit_tag\" value=\"wpcf7-f235-o1\" \/><input type=\"hidden\" name=\"_wpcf7_container_post\" value=\"0\" \/><input type=\"hidden\" name=\"_wpcf7_posted_data_hash\" value=\"\" \/><input type=\"hidden\" name=\"_wpcf7_recaptcha_response\" value=\"\" \/>\n<\/fieldset>\n<p><label> Votre nom<br \/>\n<span class=\"wpcf7-form-control-wrap\" data-name=\"your-name\"><input size=\"40\" maxlength=\"400\" class=\"wpcf7-form-control wpcf7-text wpcf7-validates-as-required\" autocomplete=\"name\" aria-required=\"true\" aria-invalid=\"false\" value=\"\" type=\"text\" name=\"your-name\" \/><\/span> <\/label>\n<\/p>\n<p><label> Votre e-mail<br \/>\n<span class=\"wpcf7-form-control-wrap\" data-name=\"your-email\"><input size=\"40\" maxlength=\"400\" class=\"wpcf7-form-control wpcf7-email wpcf7-validates-as-required wpcf7-text wpcf7-validates-as-email\" autocomplete=\"email\" aria-required=\"true\" aria-invalid=\"false\" value=\"\" type=\"email\" name=\"your-email\" \/><\/span> <\/label>\n<\/p>\n<p><label> Objet<br \/>\n<span class=\"wpcf7-form-control-wrap\" data-name=\"your-subject\"><input size=\"40\" maxlength=\"400\" class=\"wpcf7-form-control wpcf7-text wpcf7-validates-as-required\" aria-required=\"true\" aria-invalid=\"false\" value=\"\" type=\"text\" name=\"your-subject\" \/><\/span> <\/label>\n<\/p>\n<p><label> Votre message (facultatif)<br \/>\n<span class=\"wpcf7-form-control-wrap\" data-name=\"your-message\"><textarea cols=\"40\" rows=\"10\" maxlength=\"2000\" class=\"wpcf7-form-control wpcf7-textarea\" aria-invalid=\"false\" name=\"your-message\"><\/textarea><\/span> <\/label>\n<\/p>\n<p><input class=\"wpcf7-form-control wpcf7-submit has-spinner\" type=\"submit\" value=\"Envoyer\" \/>\n<\/p><div class=\"wpcf7-response-output\" aria-hidden=\"true\"><\/div>\n<\/form>\n<\/div>\n<\/div>\n\t\t\t\t\t\t<\/div>\n\t\t\t\t<\/div>\n\t\t\t\t\t<\/div>\n\t\t\t\t<\/div>\n\t\t\t\t<\/div>\n\t\t","protected":false},"excerpt":{"rendered":"<p>RESERVATION : Acc\u00e9dez \u00e0 notre plateforme de r\u00e9servation en ligne pour v\u00e9rifier les disponibilit\u00e9s et r\u00e9server votre s\u00e9jour au g\u00eete Ma Campagne. \u00a0 CONTACT : Vous pouvez nous \u00e9crire \u00e0 l&rsquo;adresse mail contact@macampagne02.fr, ou via notre formulaire de contact ci-dessous. H\u00e9sitez pas, on est l\u00e0 pour vous !<\/p>\n","protected":false},"author":1,"featured_media":0,"parent":0,"menu_order":0,"comment_status":"closed","ping_status":"closed","template":"","meta":{"_kadence_starter_templates_imported_post":false,"footnotes":""},"class_list":["post-236","page","type-page","status-publish","hentry"],"yoast_head":"<!-- This site is optimized with the Yoast SEO plugin v27.6 - https:\/\/yoast.com\/product\/yoast-seo-wordpress\/ -->\n<title>Contact et r\u00e9servation -<\/title>\n<meta name=\"description\" content=\"Une question ? Contactez facilement le g\u00eete Ma Campagne \u00e0 Chassemy, dans l\u2019Aisne, par e-mail. Nous serons ravis de vous aider !\" \/>\n<meta name=\"robots\" content=\"index, follow, max-snippet:-1, max-image-preview:large, max-video-preview:-1\" \/>\n<link rel=\"canonical\" href=\"https:\/\/macampagne02.fr\/index.php\/nous-contacter\/\" \/>\n<meta property=\"og:locale\" content=\"fr_FR\" \/>\n<meta property=\"og:type\" content=\"article\" \/>\n<meta property=\"og:title\" content=\"Contact et r\u00e9servation -\" \/>\n<meta property=\"og:description\" content=\"Une question ? Contactez facilement le g\u00eete Ma Campagne \u00e0 Chassemy, dans l\u2019Aisne, par e-mail. Nous serons ravis de vous aider !\" \/>\n<meta property=\"og:url\" content=\"https:\/\/macampagne02.fr\/index.php\/nous-contacter\/\" \/>\n<meta property=\"article:modified_time\" content=\"2025-10-04T09:17:28+00:00\" \/>\n<meta name=\"twitter:card\" content=\"summary_large_image\" \/>\n<meta name=\"twitter:label1\" content=\"Dur\u00e9e de lecture estim\u00e9e\" \/>\n\t<meta name=\"twitter:data1\" content=\"1 minute\" \/>\n<script type=\"application\/ld+json\" class=\"yoast-schema-graph\">{\"@context\":\"https:\\\/\\\/schema.org\",\"@graph\":[{\"@type\":\"WebPage\",\"@id\":\"https:\\\/\\\/macampagne02.fr\\\/index.php\\\/nous-contacter\\\/\",\"url\":\"https:\\\/\\\/macampagne02.fr\\\/index.php\\\/nous-contacter\\\/\",\"name\":\"Contact et r\u00e9servation -\",\"isPartOf\":{\"@id\":\"https:\\\/\\\/macampagne02.fr\\\/#website\"},\"datePublished\":\"2024-07-01T08:07:11+00:00\",\"dateModified\":\"2025-10-04T09:17:28+00:00\",\"description\":\"Une question ? Contactez facilement le g\u00eete Ma Campagne \u00e0 Chassemy, dans l\u2019Aisne, par e-mail. Nous serons ravis de vous aider !\",\"breadcrumb\":{\"@id\":\"https:\\\/\\\/macampagne02.fr\\\/index.php\\\/nous-contacter\\\/#breadcrumb\"},\"inLanguage\":\"fr-FR\",\"potentialAction\":[{\"@type\":\"ReadAction\",\"target\":[\"https:\\\/\\\/macampagne02.fr\\\/index.php\\\/nous-contacter\\\/\"]}]},{\"@type\":\"BreadcrumbList\",\"@id\":\"https:\\\/\\\/macampagne02.fr\\\/index.php\\\/nous-contacter\\\/#breadcrumb\",\"itemListElement\":[{\"@type\":\"ListItem\",\"position\":1,\"name\":\"Accueil\",\"item\":\"https:\\\/\\\/macampagne02.fr\\\/\"},{\"@type\":\"ListItem\",\"position\":2,\"name\":\"Contact et r\u00e9servation\"}]},{\"@type\":\"WebSite\",\"@id\":\"https:\\\/\\\/macampagne02.fr\\\/#website\",\"url\":\"https:\\\/\\\/macampagne02.fr\\\/\",\"name\":\"\",\"description\":\"Pour particuliers et professionnels\",\"inLanguage\":\"fr-FR\"}]}<\/script>\n<!-- \/ Yoast SEO plugin. -->","yoast_head_json":{"title":"Contact et r\u00e9servation -","description":"Une question ? Contactez facilement le g\u00eete Ma Campagne \u00e0 Chassemy, dans l\u2019Aisne, par e-mail. Nous serons ravis de vous aider !","robots":{"index":"index","follow":"follow","max-snippet":"max-snippet:-1","max-image-preview":"max-image-preview:large","max-video-preview":"max-video-preview:-1"},"canonical":"https:\/\/macampagne02.fr\/index.php\/nous-contacter\/","og_locale":"fr_FR","og_type":"article","og_title":"Contact et r\u00e9servation -","og_description":"Une question ? Contactez facilement le g\u00eete Ma Campagne \u00e0 Chassemy, dans l\u2019Aisne, par e-mail. Nous serons ravis de vous aider !","og_url":"https:\/\/macampagne02.fr\/index.php\/nous-contacter\/","article_modified_time":"2025-10-04T09:17:28+00:00","twitter_card":"summary_large_image","twitter_misc":{"Dur\u00e9e de lecture estim\u00e9e":"1 minute"},"schema":{"@context":"https:\/\/schema.org","@graph":[{"@type":"WebPage","@id":"https:\/\/macampagne02.fr\/index.php\/nous-contacter\/","url":"https:\/\/macampagne02.fr\/index.php\/nous-contacter\/","name":"Contact et r\u00e9servation -","isPartOf":{"@id":"https:\/\/macampagne02.fr\/#website"},"datePublished":"2024-07-01T08:07:11+00:00","dateModified":"2025-10-04T09:17:28+00:00","description":"Une question ? Contactez facilement le g\u00eete Ma Campagne \u00e0 Chassemy, dans l\u2019Aisne, par e-mail. Nous serons ravis de vous aider !","breadcrumb":{"@id":"https:\/\/macampagne02.fr\/index.php\/nous-contacter\/#breadcrumb"},"inLanguage":"fr-FR","potentialAction":[{"@type":"ReadAction","target":["https:\/\/macampagne02.fr\/index.php\/nous-contacter\/"]}]},{"@type":"BreadcrumbList","@id":"https:\/\/macampagne02.fr\/index.php\/nous-contacter\/#breadcrumb","itemListElement":[{"@type":"ListItem","position":1,"name":"Accueil","item":"https:\/\/macampagne02.fr\/"},{"@type":"ListItem","position":2,"name":"Contact et r\u00e9servation"}]},{"@type":"WebSite","@id":"https:\/\/macampagne02.fr\/#website","url":"https:\/\/macampagne02.fr\/","name":"","description":"Pour particuliers et professionnels","inLanguage":"fr-FR"}]}},"_links":{"self":[{"href":"https:\/\/macampagne02.fr\/index.php\/wp-json\/wp\/v2\/pages\/236","targetHints":{"allow":["GET"]}}],"collection":[{"href":"https:\/\/macampagne02.fr\/index.php\/wp-json\/wp\/v2\/pages"}],"about":[{"href":"https:\/\/macampagne02.fr\/index.php\/wp-json\/wp\/v2\/types\/page"}],"author":[{"embeddable":true,"href":"https:\/\/macampagne02.fr\/index.php\/wp-json\/wp\/v2\/users\/1"}],"replies":[{"embeddable":true,"href":"https:\/\/macampagne02.fr\/index.php\/wp-json\/wp\/v2\/comments?post=236"}],"version-history":[{"count":56,"href":"https:\/\/macampagne02.fr\/index.php\/wp-json\/wp\/v2\/pages\/236\/revisions"}],"predecessor-version":[{"id":2449,"href":"https:\/\/macampagne02.fr\/index.php\/wp-json\/wp\/v2\/pages\/236\/revisions\/2449"}],"wp:attachment":[{"href":"https:\/\/macampagne02.fr\/index.php\/wp-json\/wp\/v2\/media?parent=236"}],"curies":[{"name":"wp","href":"https:\/\/api.w.org\/{rel}","templated":true}]}}