{"id":223,"date":"2024-06-29T10:06:52","date_gmt":"2024-06-29T08:06:52","guid":{"rendered":"https:\/\/macampagne02.fr\/?page_id=223"},"modified":"2025-10-04T11:43:37","modified_gmt":"2025-10-04T09:43:37","slug":"a-propos-de-nous","status":"publish","type":"page","link":"https:\/\/macampagne02.fr\/index.php\/a-propos-de-nous\/","title":{"rendered":"A propos de nous"},"content":{"rendered":"\t\t<div data-elementor-type=\"wp-page\" data-elementor-id=\"223\" class=\"elementor elementor-223\">\n\t\t\t\t<div class=\"elementor-element elementor-element-55cdce9 e-flex e-con-boxed e-con e-parent\" data-id=\"55cdce9\" data-element_type=\"container\" data-e-type=\"container\">\n\t\t\t\t\t<div class=\"e-con-inner\">\n\t\t\t\t<div class=\"elementor-element elementor-element-b9b2c2c elementor-widget elementor-widget-text-editor\" data-id=\"b9b2c2c\" data-element_type=\"widget\" data-e-type=\"widget\" data-widget_type=\"text-editor.default\">\n\t\t\t\t<div class=\"elementor-widget-container\">\n\t\t\t\t\t\t\t\t\t<h1><span style=\"color: #008000;\"><strong>Bonjour et bienvenue dans<\/strong><\/span><span style=\"color: #008000;\"><strong> notre g\u00eete Ma Campagne<\/strong>\u00a0<\/span><\/h1><p><strong>Passionn\u00e9s par la vie \u00e0 la campagne<\/strong>, nous sommes tomb\u00e9s sous le charme de ce lieu paisible.<\/p><p><strong>Au-del\u00e0 d&rsquo;un h\u00e9bergement<\/strong>, nous avons cr\u00e9\u00e9 ce g\u00eete pour partager notre <strong>amour<\/strong> de la nature et de la tranquillit\u00e9. Nous voulons vous offrir un espace o\u00f9 vous pouvez vous ressourcer, revenir \u00e0 l&rsquo;essentiel et profiter des plaisirs simples.<\/p><p>En cr\u00e9ant ce g\u00eete, nous r\u00e9alisons <strong>notre r\u00eave<\/strong> <strong>de vivre en harmonie<\/strong> avec ce qui nous entoure, tout en accueillant des voyageurs du <strong>monde entier,<\/strong> avec l\u2019espoir de transmettre notre attachement \u00e0 cette r\u00e9gion unique et de cr\u00e9er des souvenirs inoubliables.<\/p><p>Nous sommes ravis de vous offrir <strong>une hospitalit\u00e9 authentique et attentive<\/strong> pour rendre votre s\u00e9jour aussi agr\u00e9able qu\u2019inoubliable.<\/p><p>Profitez pleinement de votre escapade et<strong> laissez-vous envo\u00fbter par le cadre paisible<\/strong> qui vous entoure.<\/p><p><strong>Admirez la beaut\u00e9 des paysages<\/strong> environnants, des sentiers de randonn\u00e9e, et des <strong>plaisirs simples de la vie \u00e0 la campagne<\/strong>. Que vous soyez ici pour vous d\u00e9tendre, explorer la r\u00e9gion ou simplement \u00e9chapper \u00e0 l&rsquo;agitation quotidienne, nous esp\u00e9rons que notre g\u00eete sera pour vous<strong> un v\u00e9ritable havre de paix<\/strong>.<\/p><p>Au plaisir de vous accueillir prochainement pour une exp\u00e9rience inoubliable.<\/p><ul><li>Acc\u00e9dez \u00e0 notre <a href=\"https:\/\/cocoonr.fr\/location-court-sejour\/chassemy-02\/gite-ma-campagne-8252\/?arrival=&amp;departure=&amp;nb_persons=1&amp;nb_children=0\">plateforme de r\u00e9servation en ligne<\/a> pour v\u00e9rifier les disponibilit\u00e9s et r\u00e9server votre s\u00e9jour au g\u00eete Ma Campagne.<\/li><\/ul>\t\t\t\t\t\t\t\t<\/div>\n\t\t\t\t<\/div>\n\t\t\t\t\t<\/div>\n\t\t\t\t<\/div>\n\t\t<div class=\"elementor-element elementor-element-2453212 e-flex e-con-boxed e-con e-parent\" data-id=\"2453212\" data-element_type=\"container\" data-e-type=\"container\">\n\t\t\t\t\t<div class=\"e-con-inner\">\n\t\t\t\t<div class=\"elementor-element elementor-element-ab007a1 elementor-widget elementor-widget-image\" data-id=\"ab007a1\" data-element_type=\"widget\" data-e-type=\"widget\" data-widget_type=\"image.default\">\n\t\t\t\t<div class=\"elementor-widget-container\">\n\t\t\t\t\t\t\t\t\t\t\t\t\t\t\t<img fetchpriority=\"high\" decoding=\"async\" width=\"525\" height=\"394\" src=\"https:\/\/macampagne02.fr\/wp-content\/uploads\/2024\/06\/dipladenia-gite-ma-campagne-aisne-chassemy.png\" class=\"attachment-large size-large wp-image-2061\" alt=\"\" srcset=\"https:\/\/macampagne02.fr\/wp-content\/uploads\/2024\/06\/dipladenia-gite-ma-campagne-aisne-chassemy.png 1024w, https:\/\/macampagne02.fr\/wp-content\/uploads\/2024\/06\/dipladenia-gite-ma-campagne-aisne-chassemy-300x225.png 300w, https:\/\/macampagne02.fr\/wp-content\/uploads\/2024\/06\/dipladenia-gite-ma-campagne-aisne-chassemy-768x576.png 768w\" sizes=\"100vw\" \/>\t\t\t\t\t\t\t\t\t\t\t\t\t\t\t<\/div>\n\t\t\t\t<\/div>\n\t\t\t\t\t<\/div>\n\t\t\t\t<\/div>\n\t\t\t\t<\/div>\n\t\t","protected":false},"excerpt":{"rendered":"<p>Bonjour et bienvenue dans notre g\u00eete Ma Campagne\u00a0 Passionn\u00e9s par la vie \u00e0 la campagne, nous sommes tomb\u00e9s sous le charme de ce lieu paisible. Au-del\u00e0 d&rsquo;un h\u00e9bergement, nous avons cr\u00e9\u00e9 ce g\u00eete pour partager notre amour de la nature et de la tranquillit\u00e9. Nous voulons vous offrir un espace o\u00f9 vous pouvez vous ressourcer, &hellip; <\/p>\n<p class=\"link-more\"><a href=\"https:\/\/macampagne02.fr\/index.php\/a-propos-de-nous\/\" class=\"more-link\">Continuer la lecture<span class=\"screen-reader-text\"> de &laquo;&nbsp;A propos de nous&nbsp;&raquo;<\/span><\/a><\/p>\n","protected":false},"author":1,"featured_media":0,"parent":0,"menu_order":0,"comment_status":"closed","ping_status":"closed","template":"","meta":{"_kadence_starter_templates_imported_post":false,"footnotes":""},"class_list":["post-223","page","type-page","status-publish","hentry"],"yoast_head":"<!-- This site is optimized with the Yoast SEO plugin v27.6 - https:\/\/yoast.com\/product\/yoast-seo-wordpress\/ -->\n<title>A propos de nous -<\/title>\n<meta name=\"description\" content=\"S\u00e9journez au g\u00eete Ma Campagne, dans l\u2019Aisne : confort moderne, charme authentique et cadre paisible pour des moments en famille ou entre amis.\" \/>\n<meta name=\"robots\" content=\"index, follow, max-snippet:-1, max-image-preview:large, max-video-preview:-1\" \/>\n<link rel=\"canonical\" href=\"https:\/\/macampagne02.fr\/index.php\/a-propos-de-nous\/\" \/>\n<meta property=\"og:locale\" content=\"fr_FR\" \/>\n<meta property=\"og:type\" content=\"article\" \/>\n<meta property=\"og:title\" content=\"A propos de nous -\" \/>\n<meta property=\"og:description\" content=\"S\u00e9journez au g\u00eete Ma Campagne, dans l\u2019Aisne : confort moderne, charme authentique et cadre paisible pour des moments en famille ou entre amis.\" \/>\n<meta property=\"og:url\" content=\"https:\/\/macampagne02.fr\/index.php\/a-propos-de-nous\/\" \/>\n<meta property=\"article:modified_time\" content=\"2025-10-04T09:43:37+00:00\" \/>\n<meta property=\"og:image\" content=\"http:\/\/macampagne02.fr\/wp-content\/uploads\/2024\/06\/dipladenia-gite-ma-campagne-aisne-chassemy.png\" \/>\n<meta name=\"twitter:card\" content=\"summary_large_image\" \/>\n<meta name=\"twitter:label1\" content=\"Dur\u00e9e de lecture estim\u00e9e\" \/>\n\t<meta name=\"twitter:data1\" content=\"2 minutes\" \/>\n<script type=\"application\/ld+json\" class=\"yoast-schema-graph\">{\"@context\":\"https:\\\/\\\/schema.org\",\"@graph\":[{\"@type\":\"WebPage\",\"@id\":\"https:\\\/\\\/macampagne02.fr\\\/index.php\\\/a-propos-de-nous\\\/\",\"url\":\"https:\\\/\\\/macampagne02.fr\\\/index.php\\\/a-propos-de-nous\\\/\",\"name\":\"A propos de nous -\",\"isPartOf\":{\"@id\":\"https:\\\/\\\/macampagne02.fr\\\/#website\"},\"primaryImageOfPage\":{\"@id\":\"https:\\\/\\\/macampagne02.fr\\\/index.php\\\/a-propos-de-nous\\\/#primaryimage\"},\"image\":{\"@id\":\"https:\\\/\\\/macampagne02.fr\\\/index.php\\\/a-propos-de-nous\\\/#primaryimage\"},\"thumbnailUrl\":\"http:\\\/\\\/macampagne02.fr\\\/wp-content\\\/uploads\\\/2024\\\/06\\\/dipladenia-gite-ma-campagne-aisne-chassemy.png\",\"datePublished\":\"2024-06-29T08:06:52+00:00\",\"dateModified\":\"2025-10-04T09:43:37+00:00\",\"description\":\"S\u00e9journez au g\u00eete Ma Campagne, dans l\u2019Aisne : confort moderne, charme authentique et cadre paisible pour des moments en famille ou entre amis.\",\"breadcrumb\":{\"@id\":\"https:\\\/\\\/macampagne02.fr\\\/index.php\\\/a-propos-de-nous\\\/#breadcrumb\"},\"inLanguage\":\"fr-FR\",\"potentialAction\":[{\"@type\":\"ReadAction\",\"target\":[\"https:\\\/\\\/macampagne02.fr\\\/index.php\\\/a-propos-de-nous\\\/\"]}]},{\"@type\":\"ImageObject\",\"inLanguage\":\"fr-FR\",\"@id\":\"https:\\\/\\\/macampagne02.fr\\\/index.php\\\/a-propos-de-nous\\\/#primaryimage\",\"url\":\"https:\\\/\\\/macampagne02.fr\\\/wp-content\\\/uploads\\\/2024\\\/06\\\/dipladenia-gite-ma-campagne-aisne-chassemy.png\",\"contentUrl\":\"https:\\\/\\\/macampagne02.fr\\\/wp-content\\\/uploads\\\/2024\\\/06\\\/dipladenia-gite-ma-campagne-aisne-chassemy.png\",\"width\":1024,\"height\":768},{\"@type\":\"BreadcrumbList\",\"@id\":\"https:\\\/\\\/macampagne02.fr\\\/index.php\\\/a-propos-de-nous\\\/#breadcrumb\",\"itemListElement\":[{\"@type\":\"ListItem\",\"position\":1,\"name\":\"Accueil\",\"item\":\"https:\\\/\\\/macampagne02.fr\\\/\"},{\"@type\":\"ListItem\",\"position\":2,\"name\":\"A propos de nous\"}]},{\"@type\":\"WebSite\",\"@id\":\"https:\\\/\\\/macampagne02.fr\\\/#website\",\"url\":\"https:\\\/\\\/macampagne02.fr\\\/\",\"name\":\"\",\"description\":\"Pour particuliers et professionnels\",\"inLanguage\":\"fr-FR\"}]}<\/script>\n<!-- \/ Yoast SEO plugin. -->","yoast_head_json":{"title":"A propos de nous -","description":"S\u00e9journez au g\u00eete Ma Campagne, dans l\u2019Aisne : confort moderne, charme authentique et cadre paisible pour des moments en famille ou entre amis.","robots":{"index":"index","follow":"follow","max-snippet":"max-snippet:-1","max-image-preview":"max-image-preview:large","max-video-preview":"max-video-preview:-1"},"canonical":"https:\/\/macampagne02.fr\/index.php\/a-propos-de-nous\/","og_locale":"fr_FR","og_type":"article","og_title":"A propos de nous -","og_description":"S\u00e9journez au g\u00eete Ma Campagne, dans l\u2019Aisne : confort moderne, charme authentique et cadre paisible pour des moments en famille ou entre amis.","og_url":"https:\/\/macampagne02.fr\/index.php\/a-propos-de-nous\/","article_modified_time":"2025-10-04T09:43:37+00:00","og_image":[{"url":"http:\/\/macampagne02.fr\/wp-content\/uploads\/2024\/06\/dipladenia-gite-ma-campagne-aisne-chassemy.png","type":"","width":"","height":""}],"twitter_card":"summary_large_image","twitter_misc":{"Dur\u00e9e de lecture estim\u00e9e":"2 minutes"},"schema":{"@context":"https:\/\/schema.org","@graph":[{"@type":"WebPage","@id":"https:\/\/macampagne02.fr\/index.php\/a-propos-de-nous\/","url":"https:\/\/macampagne02.fr\/index.php\/a-propos-de-nous\/","name":"A propos de nous -","isPartOf":{"@id":"https:\/\/macampagne02.fr\/#website"},"primaryImageOfPage":{"@id":"https:\/\/macampagne02.fr\/index.php\/a-propos-de-nous\/#primaryimage"},"image":{"@id":"https:\/\/macampagne02.fr\/index.php\/a-propos-de-nous\/#primaryimage"},"thumbnailUrl":"http:\/\/macampagne02.fr\/wp-content\/uploads\/2024\/06\/dipladenia-gite-ma-campagne-aisne-chassemy.png","datePublished":"2024-06-29T08:06:52+00:00","dateModified":"2025-10-04T09:43:37+00:00","description":"S\u00e9journez au g\u00eete Ma Campagne, dans l\u2019Aisne : confort moderne, charme authentique et cadre paisible pour des moments en famille ou entre amis.","breadcrumb":{"@id":"https:\/\/macampagne02.fr\/index.php\/a-propos-de-nous\/#breadcrumb"},"inLanguage":"fr-FR","potentialAction":[{"@type":"ReadAction","target":["https:\/\/macampagne02.fr\/index.php\/a-propos-de-nous\/"]}]},{"@type":"ImageObject","inLanguage":"fr-FR","@id":"https:\/\/macampagne02.fr\/index.php\/a-propos-de-nous\/#primaryimage","url":"https:\/\/macampagne02.fr\/wp-content\/uploads\/2024\/06\/dipladenia-gite-ma-campagne-aisne-chassemy.png","contentUrl":"https:\/\/macampagne02.fr\/wp-content\/uploads\/2024\/06\/dipladenia-gite-ma-campagne-aisne-chassemy.png","width":1024,"height":768},{"@type":"BreadcrumbList","@id":"https:\/\/macampagne02.fr\/index.php\/a-propos-de-nous\/#breadcrumb","itemListElement":[{"@type":"ListItem","position":1,"name":"Accueil","item":"https:\/\/macampagne02.fr\/"},{"@type":"ListItem","position":2,"name":"A propos de nous"}]},{"@type":"WebSite","@id":"https:\/\/macampagne02.fr\/#website","url":"https:\/\/macampagne02.fr\/","name":"","description":"Pour particuliers et professionnels","inLanguage":"fr-FR"}]}},"_links":{"self":[{"href":"https:\/\/macampagne02.fr\/index.php\/wp-json\/wp\/v2\/pages\/223","targetHints":{"allow":["GET"]}}],"collection":[{"href":"https:\/\/macampagne02.fr\/index.php\/wp-json\/wp\/v2\/pages"}],"about":[{"href":"https:\/\/macampagne02.fr\/index.php\/wp-json\/wp\/v2\/types\/page"}],"author":[{"embeddable":true,"href":"https:\/\/macampagne02.fr\/index.php\/wp-json\/wp\/v2\/users\/1"}],"replies":[{"embeddable":true,"href":"https:\/\/macampagne02.fr\/index.php\/wp-json\/wp\/v2\/comments?post=223"}],"version-history":[{"count":112,"href":"https:\/\/macampagne02.fr\/index.php\/wp-json\/wp\/v2\/pages\/223\/revisions"}],"predecessor-version":[{"id":2490,"href":"https:\/\/macampagne02.fr\/index.php\/wp-json\/wp\/v2\/pages\/223\/revisions\/2490"}],"wp:attachment":[{"href":"https:\/\/macampagne02.fr\/index.php\/wp-json\/wp\/v2\/media?parent=223"}],"curies":[{"name":"wp","href":"https:\/\/api.w.org\/{rel}","templated":true}]}}